{"id":11,"date":"2020-08-25T11:30:00","date_gmt":"2020-08-25T11:30:00","guid":{"rendered":"http:\/\/serminguner.net\/?page_id=11"},"modified":"2020-09-08T13:53:04","modified_gmt":"2020-09-08T13:53:04","slug":"eserler","status":"publish","type":"page","link":"https:\/\/serminguner.net\/?page_id=11","title":{"rendered":"ESERLER"},"content":{"rendered":"\t\t<div data-elementor-type=\"wp-page\" data-elementor-id=\"11\" class=\"elementor elementor-11\" data-elementor-settings=\"[]\">\n\t\t\t\t\t\t<div class=\"elementor-inner\">\n\t\t\t\t\t\t\t<div class=\"elementor-section-wrap\">\n\t\t\t\t\t\t\t<section class=\"elementor-section elementor-top-section elementor-element elementor-element-3572f02 elementor-section-boxed elementor-section-height-default elementor-section-height-default elementor-invisible\" data-id=\"3572f02\" data-element_type=\"section\" data-settings=\"{&quot;background_background&quot;:&quot;classic&quot;,&quot;animation&quot;:&quot;none&quot;}\">\n\t\t\t\t\t\t<div class=\"elementor-container elementor-column-gap-default\">\n\t\t\t\t\t\t\t<div class=\"elementor-row\">\n\t\t\t\t\t<div class=\"elementor-column elementor-col-100 elementor-top-column elementor-element elementor-element-fe898f1\" data-id=\"fe898f1\" data-element_type=\"column\">\n\t\t\t<div class=\"elementor-column-wrap elementor-element-populated\">\n\t\t\t\t\t\t\t<div class=\"elementor-widget-wrap\">\n\t\t\t\t\t\t<div class=\"elementor-element elementor-element-481206a elementor-widget elementor-widget-heading\" data-id=\"481206a\" data-element_type=\"widget\" data-widget_type=\"heading.default\">\n\t\t\t\t<div class=\"elementor-widget-container\">\n\t\t\t<h2 class=\"elementor-heading-title elementor-size-default\">\u015eERM\u0130N G\u00dcNER<\/h2>\t\t<\/div>\n\t\t\t\t<\/div>\n\t\t\t\t\t\t<\/div>\n\t\t\t\t\t<\/div>\n\t\t<\/div>\n\t\t\t\t\t\t\t\t<\/div>\n\t\t\t\t\t<\/div>\n\t\t<\/section>\n\t\t\t\t<section class=\"elementor-section elementor-top-section elementor-element elementor-element-b3e3d05 animated-slow elementor-section-boxed elementor-section-height-default elementor-section-height-default elementor-invisible\" data-id=\"b3e3d05\" data-element_type=\"section\" data-settings=\"{&quot;animation&quot;:&quot;fadeIn&quot;}\">\n\t\t\t\t\t\t<div class=\"elementor-container elementor-column-gap-no\">\n\t\t\t\t\t\t\t<div class=\"elementor-row\">\n\t\t\t\t\t<div class=\"elementor-column elementor-col-100 elementor-top-column elementor-element elementor-element-1c7eb94\" data-id=\"1c7eb94\" data-element_type=\"column\">\n\t\t\t<div class=\"elementor-column-wrap elementor-element-populated\">\n\t\t\t\t\t\t\t<div class=\"elementor-widget-wrap\">\n\t\t\t\t\t\t<div class=\"elementor-element elementor-element-9489ac7 elementor-widget elementor-widget-divider\" data-id=\"9489ac7\" data-element_type=\"widget\" data-widget_type=\"divider.default\">\n\t\t\t\t<div class=\"elementor-widget-container\">\n\t\t\t\t\t<div class=\"elementor-divider\">\n\t\t\t<span class=\"elementor-divider-separator\">\n\t\t\t\t\t\t<\/span>\n\t\t<\/div>\n\t\t\t\t<\/div>\n\t\t\t\t<\/div>\n\t\t\t\t\t\t<\/div>\n\t\t\t\t\t<\/div>\n\t\t<\/div>\n\t\t\t\t\t\t\t\t<\/div>\n\t\t\t\t\t<\/div>\n\t\t<\/section>\n\t\t\t\t<section class=\"elementor-section elementor-top-section elementor-element elementor-element-2b3a3e9 elementor-section-full_width elementor-section-stretched elementor-section-height-default elementor-section-height-default\" data-id=\"2b3a3e9\" data-element_type=\"section\" data-settings=\"{&quot;stretch_section&quot;:&quot;section-stretched&quot;,&quot;background_background&quot;:&quot;classic&quot;}\">\n\t\t\t\t\t\t<div class=\"elementor-container elementor-column-gap-default\">\n\t\t\t\t\t\t\t<div class=\"elementor-row\">\n\t\t\t\t\t<div class=\"elementor-column elementor-col-100 elementor-top-column elementor-element elementor-element-5bbc982\" data-id=\"5bbc982\" data-element_type=\"column\">\n\t\t\t<div class=\"elementor-column-wrap elementor-element-populated\">\n\t\t\t\t\t\t\t<div class=\"elementor-widget-wrap\">\n\t\t\t\t\t\t<div class=\"elementor-element elementor-element-f210204 elementor-widget elementor-widget-heading\" data-id=\"f210204\" data-element_type=\"widget\" data-widget_type=\"heading.default\">\n\t\t\t\t<div class=\"elementor-widget-container\">\n\t\t\t<h2 class=\"elementor-heading-title elementor-size-default\">HEYKELLER<\/h2>\t\t<\/div>\n\t\t\t\t<\/div>\n\t\t\t\t\t\t<\/div>\n\t\t\t\t\t<\/div>\n\t\t<\/div>\n\t\t\t\t\t\t\t\t<\/div>\n\t\t\t\t\t<\/div>\n\t\t<\/section>\n\t\t\t\t<section class=\"elementor-section elementor-top-section elementor-element elementor-element-38ccd21 elementor-section-boxed elementor-section-height-default elementor-section-height-default\" data-id=\"38ccd21\" data-element_type=\"section\">\n\t\t\t\t\t\t<div class=\"elementor-container elementor-column-gap-default\">\n\t\t\t\t\t\t\t<div class=\"elementor-row\">\n\t\t\t\t\t<div class=\"elementor-column elementor-col-100 elementor-top-column elementor-element elementor-element-16ccbc4\" data-id=\"16ccbc4\" data-element_type=\"column\">\n\t\t\t<div class=\"elementor-column-wrap elementor-element-populated\">\n\t\t\t\t\t\t\t<div class=\"elementor-widget-wrap\">\n\t\t\t\t\t\t<div class=\"elementor-element elementor-element-382f1a2 elementor-widget elementor-widget-spacer\" data-id=\"382f1a2\" data-element_type=\"widget\" data-widget_type=\"spacer.default\">\n\t\t\t\t<div class=\"elementor-widget-container\">\n\t\t\t\t\t<div class=\"elementor-spacer\">\n\t\t\t<div class=\"elementor-spacer-inner\"><\/div>\n\t\t<\/div>\n\t\t\t\t<\/div>\n\t\t\t\t<\/div>\n\t\t\t\t\t\t<\/div>\n\t\t\t\t\t<\/div>\n\t\t<\/div>\n\t\t\t\t\t\t\t\t<\/div>\n\t\t\t\t\t<\/div>\n\t\t<\/section>\n\t\t\t\t<section class=\"elementor-section elementor-top-section elementor-element elementor-element-d5ba8cb elementor-section-full_width elementor-section-stretched elementor-section-height-default elementor-section-height-default\" data-id=\"d5ba8cb\" data-element_type=\"section\" data-settings=\"{&quot;stretch_section&quot;:&quot;section-stretched&quot;}\">\n\t\t\t\t\t\t<div class=\"elementor-container elementor-column-gap-default\">\n\t\t\t\t\t\t\t<div class=\"elementor-row\">\n\t\t\t\t\t<div class=\"elementor-column elementor-col-100 elementor-top-column elementor-element elementor-element-e5badab\" data-id=\"e5badab\" data-element_type=\"column\">\n\t\t\t<div class=\"elementor-column-wrap elementor-element-populated\">\n\t\t\t\t\t\t\t<div class=\"elementor-widget-wrap\">\n\t\t\t\t\t\t<div class=\"elementor-element elementor-element-e02427a elementor-widget elementor-widget-image\" data-id=\"e02427a\" data-element_type=\"widget\" data-widget_type=\"image.default\">\n\t\t\t\t<div class=\"elementor-widget-container\">\n\t\t\t\t\t<div class=\"elementor-image\">\n\t\t\t\t\t\t\t\t\t\t\t<a href=\"http:\/\/serminguner.net\/wp-content\/uploads\/2020\/09\/Basliksiz-1.jpg\" data-elementor-open-lightbox=\"yes\">\n\t\t\t\t\t\t\t<img width=\"1969\" height=\"507\" src=\"https:\/\/serminguner.net\/wp-content\/uploads\/2020\/09\/Basliksiz-1.jpg\" class=\"attachment-full size-full\" alt=\"\" loading=\"lazy\" srcset=\"https:\/\/serminguner.net\/wp-content\/uploads\/2020\/09\/Basliksiz-1.jpg 1969w, https:\/\/serminguner.net\/wp-content\/uploads\/2020\/09\/Basliksiz-1-300x77.jpg 300w, https:\/\/serminguner.net\/wp-content\/uploads\/2020\/09\/Basliksiz-1-1024x264.jpg 1024w, https:\/\/serminguner.net\/wp-content\/uploads\/2020\/09\/Basliksiz-1-768x198.jpg 768w, https:\/\/serminguner.net\/wp-content\/uploads\/2020\/09\/Basliksiz-1-1536x396.jpg 1536w\" sizes=\"(max-width: 1969px) 100vw, 1969px\" \/>\t\t\t\t\t\t\t\t<\/a>\n\t\t\t\t\t\t\t\t\t\t\t<\/div>\n\t\t\t\t<\/div>\n\t\t\t\t<\/div>\n\t\t\t\t\t\t<\/div>\n\t\t\t\t\t<\/div>\n\t\t<\/div>\n\t\t\t\t\t\t\t\t<\/div>\n\t\t\t\t\t<\/div>\n\t\t<\/section>\n\t\t\t\t<section class=\"elementor-section elementor-top-section elementor-element elementor-element-bcb1677 elementor-section-full_width elementor-section-stretched elementor-section-height-default elementor-section-height-default\" data-id=\"bcb1677\" data-element_type=\"section\" data-settings=\"{&quot;stretch_section&quot;:&quot;section-stretched&quot;}\">\n\t\t\t\t\t\t<div class=\"elementor-container elementor-column-gap-no\">\n\t\t\t\t\t\t\t<div class=\"elementor-row\">\n\t\t\t\t\t<div class=\"elementor-column elementor-col-100 elementor-top-column elementor-element elementor-element-1b8475d\" data-id=\"1b8475d\" data-element_type=\"column\">\n\t\t\t<div class=\"elementor-column-wrap elementor-element-populated\">\n\t\t\t\t\t\t\t<div class=\"elementor-widget-wrap\">\n\t\t\t\t\t\t<div class=\"elementor-element elementor-element-ed463c9 elementor-widget elementor-widget-image-gallery\" data-id=\"ed463c9\" data-element_type=\"widget\" data-widget_type=\"image-gallery.default\">\n\t\t\t\t<div class=\"elementor-widget-container\">\n\t\t\t\t\t<div class=\"elementor-image-gallery\">\n\t\t\t<div id='gallery-1' class='gallery galleryid-11 gallery-columns-4 gallery-size-full'><figure class='gallery-item'>\n\t\t\t<div class='gallery-icon landscape'>\n\t\t\t\t<a data-elementor-open-lightbox=\"yes\" data-elementor-lightbox-slideshow=\"ed463c9\" data-elementor-lightbox-title=\"1\/16\" href='https:\/\/serminguner.net\/wp-content\/uploads\/2020\/09\/a_.jpg'><img width=\"1969\" height=\"1260\" src=\"https:\/\/serminguner.net\/wp-content\/uploads\/2020\/09\/a_.jpg\" class=\"attachment-full size-full\" alt=\"\" loading=\"lazy\" srcset=\"https:\/\/serminguner.net\/wp-content\/uploads\/2020\/09\/a_.jpg 1969w, https:\/\/serminguner.net\/wp-content\/uploads\/2020\/09\/a_-300x192.jpg 300w, https:\/\/serminguner.net\/wp-content\/uploads\/2020\/09\/a_-1024x655.jpg 1024w, https:\/\/serminguner.net\/wp-content\/uploads\/2020\/09\/a_-768x491.jpg 768w, https:\/\/serminguner.net\/wp-content\/uploads\/2020\/09\/a_-1536x983.jpg 1536w\" sizes=\"(max-width: 1969px) 100vw, 1969px\" \/><\/a>\n\t\t\t<\/div><\/figure><figure class='gallery-item'>\n\t\t\t<div class='gallery-icon landscape'>\n\t\t\t\t<a data-elementor-open-lightbox=\"yes\" data-elementor-lightbox-slideshow=\"ed463c9\" data-elementor-lightbox-title=\"2\/16\" href='https:\/\/serminguner.net\/wp-content\/uploads\/2020\/09\/y_5.jpg'><img width=\"1969\" height=\"1260\" src=\"https:\/\/serminguner.net\/wp-content\/uploads\/2020\/09\/y_5.jpg\" class=\"attachment-full size-full\" alt=\"\" loading=\"lazy\" srcset=\"https:\/\/serminguner.net\/wp-content\/uploads\/2020\/09\/y_5.jpg 1969w, https:\/\/serminguner.net\/wp-content\/uploads\/2020\/09\/y_5-300x192.jpg 300w, https:\/\/serminguner.net\/wp-content\/uploads\/2020\/09\/y_5-1024x655.jpg 1024w, https:\/\/serminguner.net\/wp-content\/uploads\/2020\/09\/y_5-768x491.jpg 768w, https:\/\/serminguner.net\/wp-content\/uploads\/2020\/09\/y_5-1536x983.jpg 1536w\" sizes=\"(max-width: 1969px) 100vw, 1969px\" \/><\/a>\n\t\t\t<\/div><\/figure><figure class='gallery-item'>\n\t\t\t<div class='gallery-icon landscape'>\n\t\t\t\t<a data-elementor-open-lightbox=\"yes\" data-elementor-lightbox-slideshow=\"ed463c9\" data-elementor-lightbox-title=\"3\/16\" href='https:\/\/serminguner.net\/wp-content\/uploads\/2020\/09\/b.jpg'><img width=\"1969\" height=\"1260\" src=\"https:\/\/serminguner.net\/wp-content\/uploads\/2020\/09\/b.jpg\" class=\"attachment-full size-full\" alt=\"\" loading=\"lazy\" srcset=\"https:\/\/serminguner.net\/wp-content\/uploads\/2020\/09\/b.jpg 1969w, https:\/\/serminguner.net\/wp-content\/uploads\/2020\/09\/b-300x192.jpg 300w, https:\/\/serminguner.net\/wp-content\/uploads\/2020\/09\/b-1024x655.jpg 1024w, https:\/\/serminguner.net\/wp-content\/uploads\/2020\/09\/b-768x491.jpg 768w, https:\/\/serminguner.net\/wp-content\/uploads\/2020\/09\/b-1536x983.jpg 1536w\" sizes=\"(max-width: 1969px) 100vw, 1969px\" \/><\/a>\n\t\t\t<\/div><\/figure><figure class='gallery-item'>\n\t\t\t<div class='gallery-icon landscape'>\n\t\t\t\t<a data-elementor-open-lightbox=\"yes\" data-elementor-lightbox-slideshow=\"ed463c9\" data-elementor-lightbox-title=\"4\/16\" href='https:\/\/serminguner.net\/wp-content\/uploads\/2020\/09\/d_.jpg'><img width=\"1969\" height=\"1260\" src=\"https:\/\/serminguner.net\/wp-content\/uploads\/2020\/09\/d_.jpg\" class=\"attachment-full size-full\" alt=\"\" loading=\"lazy\" srcset=\"https:\/\/serminguner.net\/wp-content\/uploads\/2020\/09\/d_.jpg 1969w, https:\/\/serminguner.net\/wp-content\/uploads\/2020\/09\/d_-300x192.jpg 300w, https:\/\/serminguner.net\/wp-content\/uploads\/2020\/09\/d_-1024x655.jpg 1024w, https:\/\/serminguner.net\/wp-content\/uploads\/2020\/09\/d_-768x491.jpg 768w, https:\/\/serminguner.net\/wp-content\/uploads\/2020\/09\/d_-1536x983.jpg 1536w\" sizes=\"(max-width: 1969px) 100vw, 1969px\" \/><\/a>\n\t\t\t<\/div><\/figure><figure class='gallery-item'>\n\t\t\t<div class='gallery-icon landscape'>\n\t\t\t\t<a data-elementor-open-lightbox=\"yes\" data-elementor-lightbox-slideshow=\"ed463c9\" data-elementor-lightbox-title=\"5\/16\" href='https:\/\/serminguner.net\/wp-content\/uploads\/2020\/09\/e_.jpg'><img width=\"1969\" height=\"1260\" src=\"https:\/\/serminguner.net\/wp-content\/uploads\/2020\/09\/e_.jpg\" class=\"attachment-full size-full\" alt=\"\" loading=\"lazy\" srcset=\"https:\/\/serminguner.net\/wp-content\/uploads\/2020\/09\/e_.jpg 1969w, https:\/\/serminguner.net\/wp-content\/uploads\/2020\/09\/e_-300x192.jpg 300w, https:\/\/serminguner.net\/wp-content\/uploads\/2020\/09\/e_-1024x655.jpg 1024w, https:\/\/serminguner.net\/wp-content\/uploads\/2020\/09\/e_-768x491.jpg 768w, https:\/\/serminguner.net\/wp-content\/uploads\/2020\/09\/e_-1536x983.jpg 1536w\" sizes=\"(max-width: 1969px) 100vw, 1969px\" \/><\/a>\n\t\t\t<\/div><\/figure><figure class='gallery-item'>\n\t\t\t<div class='gallery-icon landscape'>\n\t\t\t\t<a data-elementor-open-lightbox=\"yes\" data-elementor-lightbox-slideshow=\"ed463c9\" data-elementor-lightbox-title=\"6\/16\" href='https:\/\/serminguner.net\/wp-content\/uploads\/2020\/09\/y1.jpg'><img width=\"1969\" height=\"1260\" src=\"https:\/\/serminguner.net\/wp-content\/uploads\/2020\/09\/y1.jpg\" class=\"attachment-full size-full\" alt=\"\" loading=\"lazy\" srcset=\"https:\/\/serminguner.net\/wp-content\/uploads\/2020\/09\/y1.jpg 1969w, https:\/\/serminguner.net\/wp-content\/uploads\/2020\/09\/y1-300x192.jpg 300w, https:\/\/serminguner.net\/wp-content\/uploads\/2020\/09\/y1-1024x655.jpg 1024w, https:\/\/serminguner.net\/wp-content\/uploads\/2020\/09\/y1-768x491.jpg 768w, https:\/\/serminguner.net\/wp-content\/uploads\/2020\/09\/y1-1536x983.jpg 1536w\" sizes=\"(max-width: 1969px) 100vw, 1969px\" \/><\/a>\n\t\t\t<\/div><\/figure><figure class='gallery-item'>\n\t\t\t<div class='gallery-icon landscape'>\n\t\t\t\t<a data-elementor-open-lightbox=\"yes\" data-elementor-lightbox-slideshow=\"ed463c9\" data-elementor-lightbox-title=\"7\/16\" href='https:\/\/serminguner.net\/wp-content\/uploads\/2020\/09\/y3.jpg'><img width=\"1969\" height=\"1260\" src=\"https:\/\/serminguner.net\/wp-content\/uploads\/2020\/09\/y3.jpg\" class=\"attachment-full size-full\" alt=\"\" loading=\"lazy\" srcset=\"https:\/\/serminguner.net\/wp-content\/uploads\/2020\/09\/y3.jpg 1969w, https:\/\/serminguner.net\/wp-content\/uploads\/2020\/09\/y3-300x192.jpg 300w, https:\/\/serminguner.net\/wp-content\/uploads\/2020\/09\/y3-1024x655.jpg 1024w, https:\/\/serminguner.net\/wp-content\/uploads\/2020\/09\/y3-768x491.jpg 768w, https:\/\/serminguner.net\/wp-content\/uploads\/2020\/09\/y3-1536x983.jpg 1536w\" sizes=\"(max-width: 1969px) 100vw, 1969px\" \/><\/a>\n\t\t\t<\/div><\/figure><figure class='gallery-item'>\n\t\t\t<div class='gallery-icon landscape'>\n\t\t\t\t<a data-elementor-open-lightbox=\"yes\" data-elementor-lightbox-slideshow=\"ed463c9\" data-elementor-lightbox-title=\"8\/16\" href='https:\/\/serminguner.net\/wp-content\/uploads\/2020\/09\/y2.jpg'><img width=\"1969\" height=\"1260\" src=\"https:\/\/serminguner.net\/wp-content\/uploads\/2020\/09\/y2.jpg\" class=\"attachment-full size-full\" alt=\"\" loading=\"lazy\" srcset=\"https:\/\/serminguner.net\/wp-content\/uploads\/2020\/09\/y2.jpg 1969w, https:\/\/serminguner.net\/wp-content\/uploads\/2020\/09\/y2-300x192.jpg 300w, https:\/\/serminguner.net\/wp-content\/uploads\/2020\/09\/y2-1024x655.jpg 1024w, https:\/\/serminguner.net\/wp-content\/uploads\/2020\/09\/y2-768x491.jpg 768w, https:\/\/serminguner.net\/wp-content\/uploads\/2020\/09\/y2-1536x983.jpg 1536w\" sizes=\"(max-width: 1969px) 100vw, 1969px\" \/><\/a>\n\t\t\t<\/div><\/figure><figure class='gallery-item'>\n\t\t\t<div class='gallery-icon landscape'>\n\t\t\t\t<a data-elementor-open-lightbox=\"yes\" data-elementor-lightbox-slideshow=\"ed463c9\" data-elementor-lightbox-title=\"9\/16\" href='https:\/\/serminguner.net\/wp-content\/uploads\/2020\/09\/f.jpg'><img width=\"1969\" height=\"1260\" src=\"https:\/\/serminguner.net\/wp-content\/uploads\/2020\/09\/f.jpg\" class=\"attachment-full size-full\" alt=\"\" loading=\"lazy\" srcset=\"https:\/\/serminguner.net\/wp-content\/uploads\/2020\/09\/f.jpg 1969w, https:\/\/serminguner.net\/wp-content\/uploads\/2020\/09\/f-300x192.jpg 300w, https:\/\/serminguner.net\/wp-content\/uploads\/2020\/09\/f-1024x655.jpg 1024w, https:\/\/serminguner.net\/wp-content\/uploads\/2020\/09\/f-768x491.jpg 768w, https:\/\/serminguner.net\/wp-content\/uploads\/2020\/09\/f-1536x983.jpg 1536w\" sizes=\"(max-width: 1969px) 100vw, 1969px\" \/><\/a>\n\t\t\t<\/div><\/figure><figure class='gallery-item'>\n\t\t\t<div class='gallery-icon landscape'>\n\t\t\t\t<a data-elementor-open-lightbox=\"yes\" data-elementor-lightbox-slideshow=\"ed463c9\" data-elementor-lightbox-title=\"10\/16\" href='https:\/\/serminguner.net\/wp-content\/uploads\/2020\/09\/y4.jpg'><img width=\"1969\" height=\"1260\" src=\"https:\/\/serminguner.net\/wp-content\/uploads\/2020\/09\/y4.jpg\" class=\"attachment-full size-full\" alt=\"\" loading=\"lazy\" srcset=\"https:\/\/serminguner.net\/wp-content\/uploads\/2020\/09\/y4.jpg 1969w, https:\/\/serminguner.net\/wp-content\/uploads\/2020\/09\/y4-300x192.jpg 300w, https:\/\/serminguner.net\/wp-content\/uploads\/2020\/09\/y4-1024x655.jpg 1024w, https:\/\/serminguner.net\/wp-content\/uploads\/2020\/09\/y4-768x491.jpg 768w, https:\/\/serminguner.net\/wp-content\/uploads\/2020\/09\/y4-1536x983.jpg 1536w\" sizes=\"(max-width: 1969px) 100vw, 1969px\" \/><\/a>\n\t\t\t<\/div><\/figure><figure class='gallery-item'>\n\t\t\t<div class='gallery-icon landscape'>\n\t\t\t\t<a data-elementor-open-lightbox=\"yes\" data-elementor-lightbox-slideshow=\"ed463c9\" data-elementor-lightbox-title=\"11\/16\" href='https:\/\/serminguner.net\/wp-content\/uploads\/2020\/09\/y6.jpg'><img width=\"1969\" height=\"1260\" src=\"https:\/\/serminguner.net\/wp-content\/uploads\/2020\/09\/y6.jpg\" class=\"attachment-full size-full\" alt=\"\" loading=\"lazy\" srcset=\"https:\/\/serminguner.net\/wp-content\/uploads\/2020\/09\/y6.jpg 1969w, https:\/\/serminguner.net\/wp-content\/uploads\/2020\/09\/y6-300x192.jpg 300w, https:\/\/serminguner.net\/wp-content\/uploads\/2020\/09\/y6-1024x655.jpg 1024w, https:\/\/serminguner.net\/wp-content\/uploads\/2020\/09\/y6-768x491.jpg 768w, https:\/\/serminguner.net\/wp-content\/uploads\/2020\/09\/y6-1536x983.jpg 1536w\" sizes=\"(max-width: 1969px) 100vw, 1969px\" \/><\/a>\n\t\t\t<\/div><\/figure><figure class='gallery-item'>\n\t\t\t<div class='gallery-icon landscape'>\n\t\t\t\t<a data-elementor-open-lightbox=\"yes\" data-elementor-lightbox-slideshow=\"ed463c9\" data-elementor-lightbox-title=\"12\/16\" href='https:\/\/serminguner.net\/wp-content\/uploads\/2020\/09\/y7_.jpg'><img width=\"1969\" height=\"1260\" src=\"https:\/\/serminguner.net\/wp-content\/uploads\/2020\/09\/y7_.jpg\" class=\"attachment-full size-full\" alt=\"\" loading=\"lazy\" srcset=\"https:\/\/serminguner.net\/wp-content\/uploads\/2020\/09\/y7_.jpg 1969w, https:\/\/serminguner.net\/wp-content\/uploads\/2020\/09\/y7_-300x192.jpg 300w, https:\/\/serminguner.net\/wp-content\/uploads\/2020\/09\/y7_-1024x655.jpg 1024w, https:\/\/serminguner.net\/wp-content\/uploads\/2020\/09\/y7_-768x491.jpg 768w, https:\/\/serminguner.net\/wp-content\/uploads\/2020\/09\/y7_-1536x983.jpg 1536w\" sizes=\"(max-width: 1969px) 100vw, 1969px\" \/><\/a>\n\t\t\t<\/div><\/figure><figure class='gallery-item'>\n\t\t\t<div class='gallery-icon landscape'>\n\t\t\t\t<a data-elementor-open-lightbox=\"yes\" data-elementor-lightbox-slideshow=\"ed463c9\" data-elementor-lightbox-title=\"13\/16\" href='https:\/\/serminguner.net\/wp-content\/uploads\/2020\/09\/y9.jpg'><img width=\"1969\" height=\"1260\" src=\"https:\/\/serminguner.net\/wp-content\/uploads\/2020\/09\/y9.jpg\" class=\"attachment-full size-full\" alt=\"\" loading=\"lazy\" srcset=\"https:\/\/serminguner.net\/wp-content\/uploads\/2020\/09\/y9.jpg 1969w, https:\/\/serminguner.net\/wp-content\/uploads\/2020\/09\/y9-300x192.jpg 300w, https:\/\/serminguner.net\/wp-content\/uploads\/2020\/09\/y9-1024x655.jpg 1024w, https:\/\/serminguner.net\/wp-content\/uploads\/2020\/09\/y9-768x491.jpg 768w, https:\/\/serminguner.net\/wp-content\/uploads\/2020\/09\/y9-1536x983.jpg 1536w\" sizes=\"(max-width: 1969px) 100vw, 1969px\" \/><\/a>\n\t\t\t<\/div><\/figure><figure class='gallery-item'>\n\t\t\t<div class='gallery-icon landscape'>\n\t\t\t\t<a data-elementor-open-lightbox=\"yes\" data-elementor-lightbox-slideshow=\"ed463c9\" data-elementor-lightbox-title=\"14\/16\" href='https:\/\/serminguner.net\/wp-content\/uploads\/2020\/09\/y10.jpg'><img width=\"1969\" height=\"1260\" src=\"https:\/\/serminguner.net\/wp-content\/uploads\/2020\/09\/y10.jpg\" class=\"attachment-full size-full\" alt=\"\" loading=\"lazy\" srcset=\"https:\/\/serminguner.net\/wp-content\/uploads\/2020\/09\/y10.jpg 1969w, https:\/\/serminguner.net\/wp-content\/uploads\/2020\/09\/y10-300x192.jpg 300w, https:\/\/serminguner.net\/wp-content\/uploads\/2020\/09\/y10-1024x655.jpg 1024w, https:\/\/serminguner.net\/wp-content\/uploads\/2020\/09\/y10-768x491.jpg 768w, https:\/\/serminguner.net\/wp-content\/uploads\/2020\/09\/y10-1536x983.jpg 1536w\" sizes=\"(max-width: 1969px) 100vw, 1969px\" \/><\/a>\n\t\t\t<\/div><\/figure><figure class='gallery-item'>\n\t\t\t<div class='gallery-icon landscape'>\n\t\t\t\t<a data-elementor-open-lightbox=\"yes\" data-elementor-lightbox-slideshow=\"ed463c9\" data-elementor-lightbox-title=\"15\/16\" href='https:\/\/serminguner.net\/wp-content\/uploads\/2020\/09\/y12.jpg'><img width=\"1969\" height=\"1260\" src=\"https:\/\/serminguner.net\/wp-content\/uploads\/2020\/09\/y12.jpg\" class=\"attachment-full size-full\" alt=\"\" loading=\"lazy\" srcset=\"https:\/\/serminguner.net\/wp-content\/uploads\/2020\/09\/y12.jpg 1969w, https:\/\/serminguner.net\/wp-content\/uploads\/2020\/09\/y12-300x192.jpg 300w, https:\/\/serminguner.net\/wp-content\/uploads\/2020\/09\/y12-1024x655.jpg 1024w, https:\/\/serminguner.net\/wp-content\/uploads\/2020\/09\/y12-768x491.jpg 768w, https:\/\/serminguner.net\/wp-content\/uploads\/2020\/09\/y12-1536x983.jpg 1536w\" sizes=\"(max-width: 1969px) 100vw, 1969px\" \/><\/a>\n\t\t\t<\/div><\/figure><figure class='gallery-item'>\n\t\t\t<div class='gallery-icon landscape'>\n\t\t\t\t<a data-elementor-open-lightbox=\"yes\" data-elementor-lightbox-slideshow=\"ed463c9\" data-elementor-lightbox-title=\"16\/16\" href='https:\/\/serminguner.net\/wp-content\/uploads\/2020\/09\/y_13.jpg'><img width=\"1969\" height=\"1260\" src=\"https:\/\/serminguner.net\/wp-content\/uploads\/2020\/09\/y_13.jpg\" class=\"attachment-full size-full\" alt=\"\" loading=\"lazy\" srcset=\"https:\/\/serminguner.net\/wp-content\/uploads\/2020\/09\/y_13.jpg 1969w, https:\/\/serminguner.net\/wp-content\/uploads\/2020\/09\/y_13-300x192.jpg 300w, https:\/\/serminguner.net\/wp-content\/uploads\/2020\/09\/y_13-1024x655.jpg 1024w, https:\/\/serminguner.net\/wp-content\/uploads\/2020\/09\/y_13-768x491.jpg 768w, https:\/\/serminguner.net\/wp-content\/uploads\/2020\/09\/y_13-1536x983.jpg 1536w\" sizes=\"(max-width: 1969px) 100vw, 1969px\" \/><\/a>\n\t\t\t<\/div><\/figure>\n\t\t<\/div>\n\t\t<\/div>\n\t\t\t\t<\/div>\n\t\t\t\t<\/div>\n\t\t\t\t\t\t<\/div>\n\t\t\t\t\t<\/div>\n\t\t<\/div>\n\t\t\t\t\t\t\t\t<\/div>\n\t\t\t\t\t<\/div>\n\t\t<\/section>\n\t\t\t\t\t\t<\/div>\n\t\t\t\t\t\t<\/div>\n\t\t\t\t\t<\/div>\n\t\t","protected":false},"excerpt":{"rendered":"<p>\u015eERM\u0130N G\u00dcNER HEYKELLER<\/p>\n","protected":false},"author":1,"featured_media":0,"parent":0,"menu_order":0,"comment_status":"closed","ping_status":"closed","template":"","meta":[],"_links":{"self":[{"href":"https:\/\/serminguner.net\/index.php?rest_route=\/wp\/v2\/pages\/11"}],"collection":[{"href":"https:\/\/serminguner.net\/index.php?rest_route=\/wp\/v2\/pages"}],"about":[{"href":"https:\/\/serminguner.net\/index.php?rest_route=\/wp\/v2\/types\/page"}],"author":[{"embeddable":true,"href":"https:\/\/serminguner.net\/index.php?rest_route=\/wp\/v2\/users\/1"}],"replies":[{"embeddable":true,"href":"https:\/\/serminguner.net\/index.php?rest_route=%2Fwp%2Fv2%2Fcomments&post=11"}],"version-history":[{"count":63,"href":"https:\/\/serminguner.net\/index.php?rest_route=\/wp\/v2\/pages\/11\/revisions"}],"predecessor-version":[{"id":379,"href":"https:\/\/serminguner.net\/index.php?rest_route=\/wp\/v2\/pages\/11\/revisions\/379"}],"wp:attachment":[{"href":"https:\/\/serminguner.net\/index.php?rest_route=%2Fwp%2Fv2%2Fmedia&parent=11"}],"curies":[{"name":"wp","href":"https:\/\/api.w.org\/{rel}","templated":true}]}}