{"id":10,"date":"2020-08-25T11:30:00","date_gmt":"2020-08-25T11:30:00","guid":{"rendered":"http:\/\/serminguner.net\/?page_id=10"},"modified":"2021-06-20T08:02:23","modified_gmt":"2021-06-20T08:02:23","slug":"ozgecmis","status":"publish","type":"page","link":"https:\/\/serminguner.net\/?page_id=10","title":{"rendered":"\u00d6ZGE\u00c7M\u0130\u015e"},"content":{"rendered":"\t\t<div data-elementor-type=\"wp-page\" data-elementor-id=\"10\" class=\"elementor elementor-10\" data-elementor-settings=\"[]\">\n\t\t\t\t\t\t<div class=\"elementor-inner\">\n\t\t\t\t\t\t\t<div class=\"elementor-section-wrap\">\n\t\t\t\t\t\t\t<section class=\"elementor-section elementor-top-section elementor-element elementor-element-79f6a8b elementor-section-full_width elementor-section-stretched elementor-section-height-default elementor-section-height-default\" data-id=\"79f6a8b\" data-element_type=\"section\" data-settings=\"{&quot;stretch_section&quot;:&quot;section-stretched&quot;,&quot;background_background&quot;:&quot;classic&quot;}\">\n\t\t\t\t\t\t\t<div class=\"elementor-background-overlay\"><\/div>\n\t\t\t\t\t\t\t<div class=\"elementor-container elementor-column-gap-default\">\n\t\t\t\t\t\t\t<div class=\"elementor-row\">\n\t\t\t\t\t<div class=\"elementor-column elementor-col-100 elementor-top-column elementor-element elementor-element-0cb9d01\" data-id=\"0cb9d01\" data-element_type=\"column\">\n\t\t\t<div class=\"elementor-column-wrap\">\n\t\t\t\t\t\t\t<div class=\"elementor-widget-wrap\">\n\t\t\t\t\t\t\t\t<\/div>\n\t\t\t\t\t<\/div>\n\t\t<\/div>\n\t\t\t\t\t\t\t\t<\/div>\n\t\t\t\t\t<\/div>\n\t\t<\/section>\n\t\t\t\t<section class=\"elementor-section elementor-top-section elementor-element elementor-element-ec2415b elementor-section-full_width elementor-section-stretched elementor-section-height-default elementor-section-height-default\" data-id=\"ec2415b\" data-element_type=\"section\" data-settings=\"{&quot;stretch_section&quot;:&quot;section-stretched&quot;,&quot;background_background&quot;:&quot;classic&quot;}\">\n\t\t\t\t\t\t<div class=\"elementor-container elementor-column-gap-default\">\n\t\t\t\t\t\t\t<div class=\"elementor-row\">\n\t\t\t\t\t<div class=\"elementor-column elementor-col-100 elementor-top-column elementor-element elementor-element-5760034\" data-id=\"5760034\" data-element_type=\"column\">\n\t\t\t<div class=\"elementor-column-wrap elementor-element-populated\">\n\t\t\t\t\t\t\t<div class=\"elementor-widget-wrap\">\n\t\t\t\t\t\t<div class=\"elementor-element elementor-element-a66aba5 elementor-widget elementor-widget-heading\" data-id=\"a66aba5\" data-element_type=\"widget\" data-widget_type=\"heading.default\">\n\t\t\t\t<div class=\"elementor-widget-container\">\n\t\t\t<h2 class=\"elementor-heading-title elementor-size-default\">\u015eERM\u0130N G\u00dcNER<\/h2>\t\t<\/div>\n\t\t\t\t<\/div>\n\t\t\t\t\t\t<\/div>\n\t\t\t\t\t<\/div>\n\t\t<\/div>\n\t\t\t\t\t\t\t\t<\/div>\n\t\t\t\t\t<\/div>\n\t\t<\/section>\n\t\t\t\t<section class=\"elementor-section elementor-top-section elementor-element elementor-element-c30497b elementor-section-boxed elementor-section-height-default elementor-section-height-default\" data-id=\"c30497b\" data-element_type=\"section\">\n\t\t\t\t\t\t<div class=\"elementor-container elementor-column-gap-default\">\n\t\t\t\t\t\t\t<div class=\"elementor-row\">\n\t\t\t\t\t<div class=\"elementor-column elementor-col-100 elementor-top-column elementor-element elementor-element-dc1559b\" data-id=\"dc1559b\" data-element_type=\"column\">\n\t\t\t<div class=\"elementor-column-wrap elementor-element-populated\">\n\t\t\t\t\t\t\t<div class=\"elementor-widget-wrap\">\n\t\t\t\t\t\t<div class=\"elementor-element elementor-element-9264b51 elementor-widget elementor-widget-spacer\" data-id=\"9264b51\" data-element_type=\"widget\" data-widget_type=\"spacer.default\">\n\t\t\t\t<div class=\"elementor-widget-container\">\n\t\t\t\t\t<div class=\"elementor-spacer\">\n\t\t\t<div class=\"elementor-spacer-inner\"><\/div>\n\t\t<\/div>\n\t\t\t\t<\/div>\n\t\t\t\t<\/div>\n\t\t\t\t\t\t<\/div>\n\t\t\t\t\t<\/div>\n\t\t<\/div>\n\t\t\t\t\t\t\t\t<\/div>\n\t\t\t\t\t<\/div>\n\t\t<\/section>\n\t\t\t\t<section class=\"elementor-section elementor-top-section elementor-element elementor-element-e848d94 elementor-section-full_width elementor-section-stretched elementor-section-height-default elementor-section-height-default\" data-id=\"e848d94\" data-element_type=\"section\" data-settings=\"{&quot;stretch_section&quot;:&quot;section-stretched&quot;,&quot;background_background&quot;:&quot;classic&quot;}\">\n\t\t\t\t\t\t\t<div class=\"elementor-background-overlay\"><\/div>\n\t\t\t\t\t\t\t<div class=\"elementor-container elementor-column-gap-default\">\n\t\t\t\t\t\t\t<div class=\"elementor-row\">\n\t\t\t\t\t<div class=\"elementor-column elementor-col-50 elementor-top-column elementor-element elementor-element-3e53b6e\" data-id=\"3e53b6e\" data-element_type=\"column\">\n\t\t\t<div class=\"elementor-column-wrap elementor-element-populated\">\n\t\t\t\t\t\t\t<div class=\"elementor-widget-wrap\">\n\t\t\t\t\t\t<div class=\"elementor-element elementor-element-93f3913 elementor-widget elementor-widget-image\" data-id=\"93f3913\" data-element_type=\"widget\" data-widget_type=\"image.default\">\n\t\t\t\t<div class=\"elementor-widget-container\">\n\t\t\t\t\t<div class=\"elementor-image\">\n\t\t\t\t\t\t\t\t\t\t<img width=\"529\" height=\"951\" src=\"https:\/\/serminguner.net\/wp-content\/uploads\/2020\/08\/resim3.jpg\" class=\"attachment-full size-full\" alt=\"\" loading=\"lazy\" srcset=\"https:\/\/serminguner.net\/wp-content\/uploads\/2020\/08\/resim3.jpg 529w, https:\/\/serminguner.net\/wp-content\/uploads\/2020\/08\/resim3-167x300.jpg 167w\" sizes=\"(max-width: 529px) 100vw, 529px\" \/>\t\t\t\t\t\t\t\t\t\t\t<\/div>\n\t\t\t\t<\/div>\n\t\t\t\t<\/div>\n\t\t\t\t\t\t<\/div>\n\t\t\t\t\t<\/div>\n\t\t<\/div>\n\t\t\t\t<div class=\"elementor-column elementor-col-50 elementor-top-column elementor-element elementor-element-328245c\" data-id=\"328245c\" data-element_type=\"column\">\n\t\t\t<div class=\"elementor-column-wrap elementor-element-populated\">\n\t\t\t\t\t\t\t<div class=\"elementor-widget-wrap\">\n\t\t\t\t\t\t<div class=\"elementor-element elementor-element-d486d82 elementor-widget elementor-widget-text-editor\" data-id=\"d486d82\" data-element_type=\"widget\" data-widget_type=\"text-editor.default\">\n\t\t\t\t<div class=\"elementor-widget-container\">\n\t\t\t\t\t<div class=\"elementor-text-editor elementor-clearfix\"><p><span style=\"font-style: var( --e-global-typography-text-font-style ); letter-spacing: 0.7px; text-transform: var( --e-global-typography-text-text-transform );\">\u00a0<\/span><\/p><p><span style=\"font-style: var( --e-global-typography-text-font-style ); letter-spacing: 0.7px; text-transform: var( --e-global-typography-text-text-transform );\">\u00a0<\/span><\/p><p><span style=\"font-style: var( --e-global-typography-text-font-style ); letter-spacing: 0.7px; text-transform: var( --e-global-typography-text-text-transform );\">1932 y\u0131l\u0131nda do\u011fdu.\u00a0<\/span><span style=\"font-style: var( --e-global-typography-text-font-style ); letter-spacing: 0.1px; text-transform: var( --e-global-typography-text-text-transform );\">1955&#8217;te G\u00fczel <\/span><span style=\"font-style: var( --e-global-typography-text-font-style ); letter-spacing: 0.1px; text-transform: var( --e-global-typography-text-text-transform );\">Sanatlar <\/span><\/p><p><span style=\"font-style: var( --e-global-typography-text-font-style ); letter-spacing: 0.1px; text-transform: var( --e-global-typography-text-text-transform );\">Akademisi,<\/span><span style=\"font-style: var( --e-global-typography-text-font-style ); letter-spacing: var( --e-global-typography-text-letter-spacing ); text-transform: var( --e-global-typography-text-text-transform );\">Y\u00fcksek Resim B\u00f6l\u00fcm\u00fc,\u00a0<\/span><\/p><p>Zeki Kocamemi At\u00f6lyesi&#8217;nden mezun oldu.<\/p><p>20 y\u0131l \u00e7e\u015fitli okullarda sanat e\u011fitimi verdi.<\/p><p><span style=\"color: var( --e-global-color-text ); font-family: var( --e-global-typography-text-font-family ); font-size: var( --e-global-typography-text-font-size ); font-style: var( --e-global-typography-text-font-style ); font-weight: var( --e-global-typography-text-font-weight ); letter-spacing: var( --e-global-typography-text-letter-spacing ); text-transform: var( --e-global-typography-text-text-transform );\">\u00d6\u011frencilerine, di\u011fer sanat dallar\u0131n\u0131 da \u00f6\u011fretebilmek <\/span><\/p><p><span style=\"color: var( --e-global-color-text ); font-family: var( --e-global-typography-text-font-family ); font-size: var( --e-global-typography-text-font-size ); font-style: var( --e-global-typography-text-font-style ); font-weight: var( --e-global-typography-text-font-weight ); letter-spacing: var( --e-global-typography-text-letter-spacing ); text-transform: var( --e-global-typography-text-text-transform );\">i\u00e7in\u00a0<\/span><span style=\"color: var( --e-global-color-text ); font-family: var( --e-global-typography-text-font-family ); font-size: var( --e-global-typography-text-font-size ); font-style: var( --e-global-typography-text-font-style ); font-weight: var( --e-global-typography-text-font-weight ); letter-spacing: var( --e-global-typography-text-letter-spacing ); text-transform: var( --e-global-typography-text-text-transform );\">heykel b\u00f6l\u00fcm\u00fcnde \u00e7al\u0131\u015ft\u0131. <\/span><span style=\"color: var( --e-global-color-text ); font-family: var( --e-global-typography-text-font-family ); font-size: var( --e-global-typography-text-font-size ); font-style: var( --e-global-typography-text-font-style ); font-weight: var( --e-global-typography-text-font-weight ); letter-spacing: var( --e-global-typography-text-letter-spacing ); text-transform: var( --e-global-typography-text-text-transform );\">Emekli olduktan <\/span><\/p><p><span style=\"color: var( --e-global-color-text ); font-family: var( --e-global-typography-text-font-family ); font-size: var( --e-global-typography-text-font-size ); font-style: var( --e-global-typography-text-font-style ); font-weight: var( --e-global-typography-text-font-weight ); letter-spacing: var( --e-global-typography-text-letter-spacing ); text-transform: var( --e-global-typography-text-text-transform );\">sonra gitti\u011fi \u0130talya&#8217;da uzun seneler\u00a0<\/span><span style=\"color: var( --e-global-color-text ); font-family: var( --e-global-typography-text-font-family ); font-size: var( --e-global-typography-text-font-size ); font-style: var( --e-global-typography-text-font-style ); font-weight: var( --e-global-typography-text-font-weight ); letter-spacing: var( --e-global-typography-text-letter-spacing ); text-transform: var( --e-global-typography-text-text-transform );\">Loppiano&#8217;daki <\/span><\/p><p><span style=\"color: var( --e-global-color-text ); font-family: var( --e-global-typography-text-font-family ); font-size: var( --e-global-typography-text-font-size ); font-style: var( --e-global-typography-text-font-style ); font-weight: var( --e-global-typography-text-font-weight ); letter-spacing: var( --e-global-typography-text-letter-spacing ); text-transform: var( --e-global-typography-text-text-transform );\">Centro\u00a0<\/span><span style=\"font-style: var( --e-global-typography-text-font-style ); letter-spacing: 0.2px; text-transform: var( --e-global-typography-text-text-transform );\">Ave Arte&#8217;de heykel \u00e7al\u0131\u015ft\u0131. <\/span>2017 y\u0131l\u0131na kadar<\/p><p>\u0130stanbul&#8217;daki at\u00f6lyesinde\u00a0\u00f6\u011frencileriyle birlikte<\/p><p>sanat\u0131n\u0131 s\u00fcrd\u00fcren \u015eermin G\u00fcner&#8217;in\u00a0yurti\u00e7i ve<\/p><p>yurtd\u0131\u015f\u0131nda \u00f6zel koleksiyonlarda\u00a0eserleri<\/p><p>bulunmaktad\u0131r.<\/p><p>\u00a01997-2017 aras\u0131 \u015eermin G\u00fcner Meksika merkezli<\/p><p>bir sanat\u00a0birli\u011fi olan COMAV&#8217;\u0131n (Consejo<\/p><p>Mundial de Artistas Visuales)ve 2008-2016 aras\u0131<\/p><p>da Fransa merkezli F.I.C.F&#8217;in ( Federation<\/p><p>International Culturelle Feminine)\u00a0T\u00fcrkiye<\/p><p>Temsilcili\u011fini y\u00fcr\u00fctm\u00fc\u015ft\u00fcr.<\/p><p><span style=\"font-style: var( --e-global-typography-text-font-style ); letter-spacing: 0.2px; text-transform: var( --e-global-typography-text-text-transform );\">\u00a0<\/span><\/p><p><span style=\"font-style: var( --e-global-typography-text-font-style ); letter-spacing: 0.2px; text-transform: var( --e-global-typography-text-text-transform );\">Born in 1932.<\/span><\/p><p>In 1955 she graduated from Fine Arts Academy<\/p><p>from Zeki Kocamemi&#8217;s atelier.<\/p><p>For 20 years she worked as an art teacher,<\/p><p>developing her students&#8217; artistic techniques<\/p><p>including\u00a0<span style=\"font-style: var( --e-global-typography-text-font-style ); letter-spacing: 0.7px; text-transform: var( --e-global-typography-text-text-transform );\">sculpture.<\/span><span style=\"font-style: var( --e-global-typography-text-font-style ); letter-spacing: 0.7px; text-transform: var( --e-global-typography-text-text-transform );\">After her retirement, \u015eermin <\/span><\/p><p><span style=\"font-style: var( --e-global-typography-text-font-style ); letter-spacing: 0.7px; text-transform: var( --e-global-typography-text-text-transform );\">G\u00fcner spent many\u00a0<\/span><span style=\"font-style: var( --e-global-typography-text-font-style ); letter-spacing: 0.7px; text-transform: var( --e-global-typography-text-text-transform );\">years in Loppiano, Italy<\/span><\/p><p>at the Centro Ave Arte as a sculptor.<\/p><p>\u015eermin G\u00fcner&#8217;s artworks can be found in private<\/p><p>collections in Turkey and abroad.<\/p><p>From 1997-2017 \u015eermin G\u00fcner was the<\/p><p>representative of COMAV <span style=\"letter-spacing: 0.2px;\">(Consejo Mundial de <\/span><\/p><p><span style=\"letter-spacing: 0.2px;\">Artistas Visuales-Mexico) and 2008-2016, <\/span><span style=\"letter-spacing: 0.2px;\">the <\/span><\/p><p><span style=\"letter-spacing: 0.2px;\">representative of F.I.C.F. <\/span><span style=\"letter-spacing: 0.2px;\">(<\/span><span style=\"letter-spacing: 0.2px; font-style: var( --e-global-typography-text-font-style ); text-transform: var( --e-global-typography-text-text-transform );\">International F<\/span><span style=\"letter-spacing: 0.2px; font-style: var( --e-global-typography-text-font-style ); text-transform: var( --e-global-typography-text-text-transform );\">ederation <\/span><\/p><p><span style=\"letter-spacing: 0.2px; font-style: var( --e-global-typography-text-font-style ); text-transform: var( --e-global-typography-text-text-transform );\">for Women&#8217;s Culture- France).<\/span><\/p><\/div>\n\t\t\t\t<\/div>\n\t\t\t\t<\/div>\n\t\t\t\t\t\t<\/div>\n\t\t\t\t\t<\/div>\n\t\t<\/div>\n\t\t\t\t\t\t\t\t<\/div>\n\t\t\t\t\t<\/div>\n\t\t<\/section>\n\t\t\t\t\t\t<\/div>\n\t\t\t\t\t\t<\/div>\n\t\t\t\t\t<\/div>\n\t\t","protected":false},"excerpt":{"rendered":"<p>\u015eERM\u0130N G\u00dcNER \u00a0 \u00a0 1932 y\u0131l\u0131nda do\u011fdu.\u00a01955&#8217;te G\u00fczel Sanatlar Akademisi,Y\u00fcksek Resim B\u00f6l\u00fcm\u00fc,\u00a0 Zeki Kocamemi At\u00f6lyesi&#8217;nden mezun oldu. 20 y\u0131l \u00e7e\u015fitli okullarda sanat e\u011fitimi verdi. \u00d6\u011frencilerine,&#8230;<\/p>\n<div class=\"more-link-wrapper\"><a class=\"more-link\" href=\"https:\/\/serminguner.net\/?page_id=10\">Devam\u0131n\u0131 Oku<span class=\"screen-reader-text\">\u00d6ZGE\u00c7M\u0130\u015e<\/span><\/a><\/div>\n","protected":false},"author":1,"featured_media":0,"parent":0,"menu_order":0,"comment_status":"closed","ping_status":"closed","template":"","meta":[],"_links":{"self":[{"href":"https:\/\/serminguner.net\/index.php?rest_route=\/wp\/v2\/pages\/10"}],"collection":[{"href":"https:\/\/serminguner.net\/index.php?rest_route=\/wp\/v2\/pages"}],"about":[{"href":"https:\/\/serminguner.net\/index.php?rest_route=\/wp\/v2\/types\/page"}],"author":[{"embeddable":true,"href":"https:\/\/serminguner.net\/index.php?rest_route=\/wp\/v2\/users\/1"}],"replies":[{"embeddable":true,"href":"https:\/\/serminguner.net\/index.php?rest_route=%2Fwp%2Fv2%2Fcomments&post=10"}],"version-history":[{"count":55,"href":"https:\/\/serminguner.net\/index.php?rest_route=\/wp\/v2\/pages\/10\/revisions"}],"predecessor-version":[{"id":487,"href":"https:\/\/serminguner.net\/index.php?rest_route=\/wp\/v2\/pages\/10\/revisions\/487"}],"wp:attachment":[{"href":"https:\/\/serminguner.net\/index.php?rest_route=%2Fwp%2Fv2%2Fmedia&parent=10"}],"curies":[{"name":"wp","href":"https:\/\/api.w.org\/{rel}","templated":true}]}}